{"id":8,"date":"2019-11-07T15:23:13","date_gmt":"2019-11-07T14:23:13","guid":{"rendered":"http:\/\/geo2i.com\/geo2i-site\/?page_id=8"},"modified":"2019-11-07T17:07:47","modified_gmt":"2019-11-07T16:07:47","slug":"accueil","status":"publish","type":"page","link":"https:\/\/www.geo2i.com\/index.php\/accueil\/","title":{"rendered":"Accueil"},"content":{"rendered":"<p style=\"text-align: center;\">La soci\u00e9t\u00e9 Geo2i, vous propose depuis 2006 une expertise dans le d\u00e9veloppement informatique et \u00e9lectronique autour de la cartographie et de la g\u00e9olocalisation.<\/p>\n<p style=\"text-align: center;\">Bas\u00e9s \u00e0 Auriol, proche d&rsquo;Aix-en-Provence et Marseille, nous intervenons dans toute la France.<\/p>\n<p style=\"text-align: center;\">Petite soci\u00e9t\u00e9 Agile et r\u00e9active, nos principaux clients nous font confiance depuis plus de 10 ans.<\/p>\n","protected":false},"excerpt":{"rendered":"<p>La soci\u00e9t\u00e9 Geo2i, vous propose depuis 2006 une expertise dans le d\u00e9veloppement informatique et \u00e9lectronique autour de la cartographie et de la g\u00e9olocalisation. Bas\u00e9s \u00e0 Auriol, proche d&rsquo;Aix-en-Provence et Marseille, nous intervenons dans toute la France. Petite soci\u00e9t\u00e9 Agile et r\u00e9active, nos principaux clients nous font confiance depuis plus de 10 ans.<\/p>\n","protected":false},"author":1,"featured_media":0,"parent":0,"menu_order":0,"comment_status":"closed","ping_status":"closed","template":"","meta":{"footnotes":""},"class_list":["post-8","page","type-page","status-publish","hentry"],"_links":{"self":[{"href":"https:\/\/www.geo2i.com\/index.php\/wp-json\/wp\/v2\/pages\/8","targetHints":{"allow":["GET"]}}],"collection":[{"href":"https:\/\/www.geo2i.com\/index.php\/wp-json\/wp\/v2\/pages"}],"about":[{"href":"https:\/\/www.geo2i.com\/index.php\/wp-json\/wp\/v2\/types\/page"}],"author":[{"embeddable":true,"href":"https:\/\/www.geo2i.com\/index.php\/wp-json\/wp\/v2\/users\/1"}],"replies":[{"embeddable":true,"href":"https:\/\/www.geo2i.com\/index.php\/wp-json\/wp\/v2\/comments?post=8"}],"version-history":[{"count":3,"href":"https:\/\/www.geo2i.com\/index.php\/wp-json\/wp\/v2\/pages\/8\/revisions"}],"predecessor-version":[{"id":46,"href":"https:\/\/www.geo2i.com\/index.php\/wp-json\/wp\/v2\/pages\/8\/revisions\/46"}],"wp:attachment":[{"href":"https:\/\/www.geo2i.com\/index.php\/wp-json\/wp\/v2\/media?parent=8"}],"curies":[{"name":"wp","href":"https:\/\/api.w.org\/{rel}","templated":true}]}}